{"id":133,"date":"2015-11-04T23:52:35","date_gmt":"2015-11-04T23:52:35","guid":{"rendered":"https:\/\/2016.norway.wordcamp.org\/organizers\/"},"modified":"2017-10-23T16:13:44","modified_gmt":"2017-10-23T16:13:44","slug":"organizers","status":"publish","type":"page","link":"https:\/\/oslo.wordcamp.org\/2018\/organizers\/","title":{"rendered":"Organizers"},"content":{"rendered":"<p>WordCamp Oslo is a community-organized event put together by local WordPress users, who volunteer their time and energy to support WordPress in our great Oslo region.<\/p>\n<p>These local organizers are people fighting in the shadow of the most popular superheroes, yet they are almost just as impressive! Without these brave men and women stopping evil at the very beginning, there wouldn&#8217;t have been a WordCamp in the glory year of 2018.<\/p>\n\t<div class=\"wcorg-organizers\">\n\n\t\t\n\t\t\t<div class=\"wcorg-organizer\">\n\t\t\t\t<h2>Thomas Audunhus<\/h2>\n\t\t\t\t<div class=\"wcorg-organizer-description\">\n\t\t\t\t\t\t\t\t\t\t<img alt='' src='https:\/\/secure.gravatar.com\/avatar\/d71a5f156e5e183a240722d6a7909f819a06fc1f69b19259ac128d1b1dfa7a2a?s=100&#038;d=mm&#038;r=g' srcset='https:\/\/secure.gravatar.com\/avatar\/d71a5f156e5e183a240722d6a7909f819a06fc1f69b19259ac128d1b1dfa7a2a?s=200&#038;d=mm&#038;r=g 2x' class='avatar avatar-100 photo' height='100' width='100' \/>\t\t\t\t\t<p><strong>Lead organizer<\/strong><\/p>\n<div class=\"container thomas\"><img loading=\"lazy\" decoding=\"async\" class=\"alignleft size-thumbnail wp-image-1539\" src=\"https:\/\/2018.oslo.wordcamp.org\/files\/2017\/11\/crew_3-150x150.jpg\" alt=\"\" width=\"150\" height=\"150\" srcset=\"https:\/\/oslo.wordcamp.org\/2018\/files\/2017\/11\/crew_3-150x150.jpg 150w, https:\/\/oslo.wordcamp.org\/2018\/files\/2017\/11\/crew_3-100x100.jpg 100w, https:\/\/oslo.wordcamp.org\/2018\/files\/2017\/11\/crew_3.jpg 200w\" sizes=\"auto, (max-width: 150px) 100vw, 150px\" \/><\/div>\n<p>Thomas is our team&#8217;s <a href=\"http:\/\/batman.wikia.com\/wiki\/Calendar_Man\">Calendar man<\/a>. He wants deadlines on every task and doesn&#8217;t care if it\u2019s on a holiday if the work needs to be done. Reckless! The most bad ass team member of all time.<\/p>\n<p>When he&#8217;s not being a WordCamp superhero, Thomas is the country manager at the hosting provider Servebolt, and he runs the eCommerce agency Upturn Agency. He is a true performance enthusiast, and wants WordPress to be as fast as possible, always.<\/p>\n\t\t\t\t<\/div>\n\t\t\t<\/div>\n\n\t\t\n\t\t\t<div class=\"wcorg-organizer\">\n\t\t\t\t<h2>Bj\u00f8rn Johansen<\/h2>\n\t\t\t\t<div class=\"wcorg-organizer-description\">\n\t\t\t\t\t\t\t\t\t\t<img alt='' src='https:\/\/secure.gravatar.com\/avatar\/ba0d2e358a8e380c07e3d8d40dd9f58169de7bf544bcb4608ef734918882d9e3?s=100&#038;d=mm&#038;r=g' srcset='https:\/\/secure.gravatar.com\/avatar\/ba0d2e358a8e380c07e3d8d40dd9f58169de7bf544bcb4608ef734918882d9e3?s=200&#038;d=mm&#038;r=g 2x' class='avatar avatar-100 photo' height='100' width='100' \/>\t\t\t\t\t<p><strong>Venue &amp; Speakers<\/strong><\/p>\n<div class=\"container bjorn\">\n<img loading=\"lazy\" decoding=\"async\" class=\"alignleft size-thumbnail wp-image-1537\" src=\"https:\/\/2018.oslo.wordcamp.org\/files\/2017\/11\/crew_1-150x150.jpg\" alt=\"\" width=\"150\" height=\"150\" srcset=\"https:\/\/oslo.wordcamp.org\/2018\/files\/2017\/11\/crew_1-150x150.jpg 150w, https:\/\/oslo.wordcamp.org\/2018\/files\/2017\/11\/crew_1-100x100.jpg 100w, https:\/\/oslo.wordcamp.org\/2018\/files\/2017\/11\/crew_1.jpg 200w\" sizes=\"auto, (max-width: 150px) 100vw, 150px\" \/>\n<\/div>\n<p>Bj\u00f8rn, also known as <a href=\"http:\/\/marvel.wikia.com\/wiki\/Reed_Richards_(Earth-616)\">Mr. Fantastic<\/a>. He can stretch his mind to great distances due to his exposure to cosmic rays while home in the magic little town of Kongsvinger. He is probably one of the smartest men alive.<\/p>\n<p>Besides being a WordCamp hero, Bj\u00f8rn is also translation editor of Norsk Bokm\u00e5l for WordPress. He&#8217;s a developer at the Oslo based WordPress agency Dekode. One could say Bj\u00f8rn lives and breathes for WordPress.<\/p>\n\t\t\t\t<\/div>\n\t\t\t<\/div>\n\n\t\t\n\t\t\t<div class=\"wcorg-organizer\">\n\t\t\t\t<h2>Jeanett Stuve<\/h2>\n\t\t\t\t<div class=\"wcorg-organizer-description\">\n\t\t\t\t\t\t\t\t\t\t<img alt='' src='https:\/\/secure.gravatar.com\/avatar\/?s=100&#038;d=mm&#038;r=g' srcset='https:\/\/secure.gravatar.com\/avatar\/?s=200&#038;d=mm&#038;r=g 2x' class='avatar avatar-100 photo avatar-default' height='100' width='100' \/>\t\t\t\t\t<p><strong>Design &amp; Profile<\/strong><\/p>\n<div class=\"container jeanett\"><img loading=\"lazy\" decoding=\"async\" class=\"alignleft size-thumbnail wp-image-1544 jeanett\" src=\"https:\/\/2018.oslo.wordcamp.org\/files\/2017\/11\/crew_8-150x150.jpg\" alt=\"\" width=\"150\" height=\"150\" srcset=\"https:\/\/oslo.wordcamp.org\/2018\/files\/2017\/11\/crew_8-150x150.jpg 150w, https:\/\/oslo.wordcamp.org\/2018\/files\/2017\/11\/crew_8-100x100.jpg 100w, https:\/\/oslo.wordcamp.org\/2018\/files\/2017\/11\/crew_8.jpg 200w\" sizes=\"auto, (max-width: 150px) 100vw, 150px\" \/><\/div>\n<p>She\u2019s indestructible, super-strong, and without inhibition. She&#8217;s our profile maker and she is as professional and brutal as the <a href=\"https:\/\/en.wikipedia.org\/wiki\/She-Hulk\">She-Hulk<\/a>! \u00a0And Jeanetts favorite color is also green. Perfect!<\/p>\n<p>Jeanett works as a graphic designer at Konsis when she&#8217;s not doing profiling for WordCamp.<\/p>\n\t\t\t\t<\/div>\n\t\t\t<\/div>\n\n\t\t\n\t\t\t<div class=\"wcorg-organizer\">\n\t\t\t\t<h2>Vincent Hasselg\u00e5rd<\/h2>\n\t\t\t\t<div class=\"wcorg-organizer-description\">\n\t\t\t\t\t\t\t\t\t\t<img alt='' src='https:\/\/secure.gravatar.com\/avatar\/887846bab391461e548939f1547c3f5c9ef32cd00ea775f77cdaa6aa2214c7c5?s=100&#038;d=mm&#038;r=g' srcset='https:\/\/secure.gravatar.com\/avatar\/887846bab391461e548939f1547c3f5c9ef32cd00ea775f77cdaa6aa2214c7c5?s=200&#038;d=mm&#038;r=g 2x' class='avatar avatar-100 photo' height='100' width='100' \/>\t\t\t\t\t<p><strong>Design &amp; Web<\/strong><\/p>\n<div class=\"container vincent\"><img loading=\"lazy\" decoding=\"async\" class=\"alignleft size-thumbnail wp-image-1540 vincent\" src=\"https:\/\/2018.oslo.wordcamp.org\/files\/2017\/11\/crew_4-150x150.jpg\" alt=\"\" width=\"150\" height=\"150\" srcset=\"https:\/\/oslo.wordcamp.org\/2018\/files\/2017\/11\/crew_4-150x150.jpg 150w, https:\/\/oslo.wordcamp.org\/2018\/files\/2017\/11\/crew_4-100x100.jpg 100w, https:\/\/oslo.wordcamp.org\/2018\/files\/2017\/11\/crew_4.jpg 200w\" sizes=\"auto, (max-width: 150px) 100vw, 150px\" \/><\/div>\n<p>He&#8217;s Vincent Hasselg\u00e5rd at daytime, <a href=\"http:\/\/dc.wikia.com\/wiki\/Joseph_Jones_(New_Earth)\">General Glory<\/a> at night time. Rescues everyone from whatever problem that can ble translated into 0 and 1. He&#8217;s a WordPress patriot to his fingertips!<\/p>\n<p>When he&#8217;s not doing heroic acts for WordCamp, Vincent is the local hero of\u00a0 Miles to go.<\/p>\n<p>&nbsp;<\/p>\n\t\t\t\t<\/div>\n\t\t\t<\/div>\n\n\t\t\n\t\t\t<div class=\"wcorg-organizer\">\n\t\t\t\t<h2>Linda Granstad<\/h2>\n\t\t\t\t<div class=\"wcorg-organizer-description\">\n\t\t\t\t\t\t\t\t\t\t<img alt='' src='https:\/\/secure.gravatar.com\/avatar\/30306b7b425495f48c43008ae4b613c99db679c402466cd69bc67d8d622460ba?s=100&#038;d=mm&#038;r=g' srcset='https:\/\/secure.gravatar.com\/avatar\/30306b7b425495f48c43008ae4b613c99db679c402466cd69bc67d8d622460ba?s=200&#038;d=mm&#038;r=g 2x' class='avatar avatar-100 photo' height='100' width='100' \/>\t\t\t\t\t<p><strong>Web &amp; Volunteers<\/strong><\/p>\n<div class=\"container linda\"><img loading=\"lazy\" decoding=\"async\" class=\"alignleft size-thumbnail wp-image-1543 linda\" src=\"https:\/\/2018.oslo.wordcamp.org\/files\/2017\/11\/crew_7-150x150.jpg\" alt=\"\" width=\"150\" height=\"150\" srcset=\"https:\/\/oslo.wordcamp.org\/2018\/files\/2017\/11\/crew_7-150x150.jpg 150w, https:\/\/oslo.wordcamp.org\/2018\/files\/2017\/11\/crew_7-100x100.jpg 100w, https:\/\/oslo.wordcamp.org\/2018\/files\/2017\/11\/crew_7.jpg 200w\" sizes=\"auto, (max-width: 150px) 100vw, 150px\" \/><\/div>\n<p>Linda is just like <a href=\"http:\/\/marvel.com\/universe\/Wasp#axzz4vqSLh9n0\">The wasp<\/a>. She works way to much, like a bizzi bie all day long, and makes lots of sound. &#8230;But it&#8217;s impossible to live without her.<\/p>\n<p>When she&#8217;s not writing text on this website, Linda is a front-end developer and project leader at Kristiania University College.<\/p>\n\t\t\t\t<\/div>\n\t\t\t<\/div>\n\n\t\t\n\t\t\t<div class=\"wcorg-organizer\">\n\t\t\t\t<h2>Kristin Kokkersvold<\/h2>\n\t\t\t\t<div class=\"wcorg-organizer-description\">\n\t\t\t\t\t\t\t\t\t\t<img alt='' src='https:\/\/secure.gravatar.com\/avatar\/34f428e52d219b222b34eba8c929bcd8bb09e56bc08f76c550110c78244b75c7?s=100&#038;d=mm&#038;r=g' srcset='https:\/\/secure.gravatar.com\/avatar\/34f428e52d219b222b34eba8c929bcd8bb09e56bc08f76c550110c78244b75c7?s=200&#038;d=mm&#038;r=g 2x' class='avatar avatar-100 photo' height='100' width='100' \/>\t\t\t\t\t<p><strong>Design lead<\/strong><\/p>\n<div class=\"container kristin\">\n<img loading=\"lazy\" decoding=\"async\" class=\"alignleft size-thumbnail wp-image-1542 kristin\" src=\"https:\/\/2018.oslo.wordcamp.org\/files\/2017\/11\/crew_6-150x150.jpg\" alt=\"\" width=\"150\" height=\"150\" srcset=\"https:\/\/oslo.wordcamp.org\/2018\/files\/2017\/11\/crew_6-150x150.jpg 150w, https:\/\/oslo.wordcamp.org\/2018\/files\/2017\/11\/crew_6-100x100.jpg 100w, https:\/\/oslo.wordcamp.org\/2018\/files\/2017\/11\/crew_6.jpg 200w\" sizes=\"auto, (max-width: 150px) 100vw, 150px\" \/>\n<\/div>\n<p dir=\"ltr\">Just like <a href=\"http:\/\/www.imdb.com\/title\/tt0327554\/\">Cat woman<\/a>, Kristin is also a designer and a cat lover. Coincidence? &#8230;We don&#8217;t think so! With a brilliant, fast and creative mind she maneuvers\u00a0<span lang=\"en\">mercilessly\u00a0through\u00a0<\/span>the challenges in life, like there is no tomorrow.<\/p>\n<p dir=\"ltr\">Kristin is a UX-designer and the founder of Studio Netting.<\/p>\n<div class=\"ProfileHeaderCard-location \"><\/div>\n\t\t\t\t<\/div>\n\t\t\t<\/div>\n\n\t\t\n\t\t\t<div class=\"wcorg-organizer\">\n\t\t\t\t<h2>Andreas Hatlem<\/h2>\n\t\t\t\t<div class=\"wcorg-organizer-description\">\n\t\t\t\t\t\t\t\t\t\t<img alt='' src='https:\/\/secure.gravatar.com\/avatar\/?s=100&#038;d=mm&#038;r=g' srcset='https:\/\/secure.gravatar.com\/avatar\/?s=200&#038;d=mm&#038;r=g 2x' class='avatar avatar-100 photo avatar-default' height='100' width='100' \/>\t\t\t\t\t<p><strong>Sponsors<\/strong><\/p>\n<div class=\"container andreas\">\n<img loading=\"lazy\" decoding=\"async\" class=\"alignleft size-thumbnail wp-image-1541 andreas\" src=\"https:\/\/2018.oslo.wordcamp.org\/files\/2017\/11\/crew_5-150x150.jpg\" alt=\"\" width=\"150\" height=\"150\" srcset=\"https:\/\/oslo.wordcamp.org\/2018\/files\/2017\/11\/crew_5-150x150.jpg 150w, https:\/\/oslo.wordcamp.org\/2018\/files\/2017\/11\/crew_5-100x100.jpg 100w, https:\/\/oslo.wordcamp.org\/2018\/files\/2017\/11\/crew_5.jpg 200w\" sizes=\"auto, (max-width: 150px) 100vw, 150px\" \/>\n<\/div>\n<p>Andreas is just like\u00a0<a href=\"https:\/\/comicvine.gamespot.com\/red-tornado\/4005-1688\/\">Red Tornado<\/a>. He uses the power of the air to fly around, to find sponsors. If you hear a rumble from afar, you can be sure Andreas is closing in. Find your pen and get ready to sign a sponsorship agreement.<\/p>\n<p>When Andreas is not flying around being a WordCamp superhero, he&#8217;s the general manager at Creative Agency. A web agency based in Oslo.<\/p>\n\t\t\t\t<\/div>\n\t\t\t<\/div>\n\n\t\t\n\t\t\t<div class=\"wcorg-organizer\">\n\t\t\t\t<h2>Scott Basgaard<\/h2>\n\t\t\t\t<div class=\"wcorg-organizer-description\">\n\t\t\t\t\t\t\t\t\t\t<img alt='' src='https:\/\/secure.gravatar.com\/avatar\/a803061162a2088226d20c6567bfef085985fddeb3bb09ec41b89ea7a9a7e3d1?s=100&#038;d=mm&#038;r=g' srcset='https:\/\/secure.gravatar.com\/avatar\/a803061162a2088226d20c6567bfef085985fddeb3bb09ec41b89ea7a9a7e3d1?s=200&#038;d=mm&#038;r=g 2x' class='avatar avatar-100 photo' height='100' width='100' \/>\t\t\t\t\t<p><strong>Speakers &amp; sponsors<\/strong><\/p>\n<div class=\"container scott\">\n<img loading=\"lazy\" decoding=\"async\" class=\"alignleft size-thumbnail wp-image-1538\" src=\"https:\/\/2018.oslo.wordcamp.org\/files\/2017\/11\/crew_2-150x150.jpg\" alt=\"\" width=\"150\" height=\"150\" srcset=\"https:\/\/oslo.wordcamp.org\/2018\/files\/2017\/11\/crew_2-150x150.jpg 150w, https:\/\/oslo.wordcamp.org\/2018\/files\/2017\/11\/crew_2-100x100.jpg 100w, https:\/\/oslo.wordcamp.org\/2018\/files\/2017\/11\/crew_2.jpg 200w\" sizes=\"auto, (max-width: 150px) 100vw, 150px\" \/>\n<\/div>\n<p>Our teams version of the precious <a href=\"https:\/\/www.superherodb.com\/red-robin\/10-10009\/\">Red Robin<\/a> didn&#8217;t even go out in the field to fight crime and get sponsors and speakers.\u00a0He just stayed at home and did it all on the internet! He is the most investigative and analytical of all, and crucial to our superhero team.<\/p>\n<p>Scott is also technical advisor at Dekode and General Manager at Coverks.<\/p>\n\t\t\t\t<\/div>\n\t\t\t<\/div>\n\n\t\t\n\t<\/div><!-- .wcorg-organizers -->\n\t\n","protected":false},"excerpt":{"rendered":"<p>WordCamp Oslo is a community-organized event put together by local WordPress users, who volunteer their time and energy to support WordPress in our great Oslo region. These local organizers are people fighting in the shadow of the most popular superheroes, yet they are almost just as impressive! Without these brave men and women stopping evil &hellip; <\/p>\n<p class=\"link-more\"><a href=\"https:\/\/oslo.wordcamp.org\/2018\/organizer\/scott-basgaard\/\" class=\"more-link\">Continue reading<span class=\"screen-reader-text\"> &#8220;Scott Basgaard&#8221;<\/span><\/a><\/p>\n","protected":false},"author":5716614,"featured_media":0,"parent":0,"menu_order":0,"comment_status":"closed","ping_status":"closed","template":"","meta":{"jetpack_post_was_ever_published":false,"footnotes":""},"class_list":["post-133","page","type-page","status-publish","hentry"],"jetpack_sharing_enabled":true,"jetpack_shortlink":"https:\/\/wp.me\/P99jJ3-29","_links":{"self":[{"href":"https:\/\/oslo.wordcamp.org\/2018\/wp-json\/wp\/v2\/pages\/133","targetHints":{"allow":["GET"]}}],"collection":[{"href":"https:\/\/oslo.wordcamp.org\/2018\/wp-json\/wp\/v2\/pages"}],"about":[{"href":"https:\/\/oslo.wordcamp.org\/2018\/wp-json\/wp\/v2\/types\/page"}],"author":[{"embeddable":true,"href":"https:\/\/oslo.wordcamp.org\/2018\/wp-json\/wp\/v2\/users\/5716614"}],"replies":[{"embeddable":true,"href":"https:\/\/oslo.wordcamp.org\/2018\/wp-json\/wp\/v2\/comments?post=133"}],"version-history":[{"count":10,"href":"https:\/\/oslo.wordcamp.org\/2018\/wp-json\/wp\/v2\/pages\/133\/revisions"}],"predecessor-version":[{"id":1127,"href":"https:\/\/oslo.wordcamp.org\/2018\/wp-json\/wp\/v2\/pages\/133\/revisions\/1127"}],"wp:attachment":[{"href":"https:\/\/oslo.wordcamp.org\/2018\/wp-json\/wp\/v2\/media?parent=133"}],"curies":[{"name":"wp","href":"https:\/\/api.w.org\/{rel}","templated":true}]}}